{"id":9,"date":"2026-01-26T15:33:20","date_gmt":"2026-01-26T15:33:20","guid":{"rendered":"http:\/\/amudx.net\/?page_id=9"},"modified":"2026-01-26T17:23:06","modified_gmt":"2026-01-26T17:23:06","slug":"a-propos","status":"publish","type":"page","link":"https:\/\/amudx.net\/index.php\/a-propos\/","title":{"rendered":"A Propos"},"content":{"rendered":"\t\t<div data-elementor-type=\"wp-post\" data-elementor-id=\"9\" class=\"elementor elementor-9\">\n\t\t\t\t<div class=\"elementor-element elementor-element-862929f e-flex e-con-boxed e-con e-parent\" data-id=\"862929f\" data-element_type=\"container\" data-e-type=\"container\">\n\t\t\t\t\t<div class=\"e-con-inner\">\n\t\t\t\t<div class=\"elementor-element elementor-element-28eeb68 elementor-widget elementor-widget-heading\" data-id=\"28eeb68\" data-element_type=\"widget\" data-e-type=\"widget\" data-widget_type=\"heading.default\">\n\t\t\t\t\t<h2 class=\"elementor-heading-title elementor-size-default\">AmudX -  Une Entreprise Technologique<\/h2>\t\t\t\t<\/div>\n\t\t\t\t\t<\/div>\n\t\t\t\t<\/div>\n\t\t<div class=\"elementor-element elementor-element-8c8e641 e-flex e-con-boxed e-con e-parent\" data-id=\"8c8e641\" data-element_type=\"container\" data-e-type=\"container\">\n\t\t\t\t\t<div class=\"e-con-inner\">\n\t\t\t\t<div class=\"elementor-element elementor-element-1d37003 elementor-widget elementor-widget-text-editor\" data-id=\"1d37003\" data-element_type=\"widget\" data-e-type=\"widget\" data-widget_type=\"text-editor.default\">\n\t\t\t\t\t\t\t\t\t<p data-start=\"287\" data-end=\"458\"><strong data-start=\"287\" data-end=\"458\">AmudX est une soci\u00e9t\u00e9 de conseil et d\u2019ing\u00e9nierie sp\u00e9cialis\u00e9e dans l\u2019organisation, la digitalisation et l\u2019optimisation des syst\u00e8mes de transport urbains et p\u00e9riurbains.<\/strong><\/p><p data-start=\"460\" data-end=\"733\">Fond\u00e9e par des experts reconnus du secteur des transports publics, AmudX accompagne les autorit\u00e9s organisatrices, les collectivit\u00e9s territoriales et les op\u00e9rateurs de transport dans leurs projets de modernisation, de structuration et de valorisation de l\u2019offre de mobilit\u00e9.<\/p><p data-start=\"735\" data-end=\"1089\">Implant\u00e9e en Alg\u00e9rie et tourn\u00e9e vers les standards internationaux, AmudX intervient \u00e0 toutes les \u00e9tapes de la transformation des r\u00e9seaux de transport public : analyse de l\u2019existant, conception de l\u2019offre, structuration des donn\u00e9es, assistance \u00e0 l\u2019exploitation et mise \u00e0 disposition d\u2019une information voyageurs conforme aux meilleures pratiques mondiales.<\/p><h3 data-start=\"1096\" data-end=\"1153\"><span style=\"color: #333399;\">Une expertise de l&rsquo;usage des standards internationaux<\/span><\/h3><p data-start=\"1155\" data-end=\"1480\">Face aux enjeux croissants de mobilit\u00e9, d\u2019attractivit\u00e9 et de qualit\u00e9 de service, AmudX s\u2019appuie sur une ma\u00eetrise approfondie des r\u00e9f\u00e9rentiels internationaux, notamment le standard <strong data-start=\"1335\" data-end=\"1380\"><a href=\"https:\/\/gtfs.org\/fr\/\">GTFS<\/a> (General Transit Feed Specification)<\/strong>, utilis\u00e9 par Google Maps et les principales plateformes d\u2019information voyageurs \u00e0 travers le monde.<\/p><p data-start=\"1482\" data-end=\"1684\">Nous avons d\u00e9velopp\u00e9 notre <strong data-start=\"1509\" data-end=\"1580\">propre outil de conception et de g\u00e9n\u00e9ration de l\u2019offre de transport<\/strong>, baptis\u00e9 <span style=\"color: #ff00ff;\"><strong data-start=\"1590\" data-end=\"1603\">AmudX-GPT<\/strong><\/span>, con\u00e7u pour r\u00e9pondre aux besoins sp\u00e9cifiques des r\u00e9seaux urbains et p\u00e9riurbains.<\/p><h3 data-start=\"1691\" data-end=\"1756\"><span style=\"color: #333399;\">AmudX-GPT : un outil au c\u0153ur de la digitalisation des r\u00e9seaux<\/span><\/h3><p data-start=\"1758\" data-end=\"1791\">L\u2019outil <strong data-start=\"1766\" data-end=\"1779\">AmudX-GPT<\/strong> permet de :<\/p><ul data-start=\"1793\" data-end=\"2138\"><li data-start=\"1793\" data-end=\"1883\"><p data-start=\"1795\" data-end=\"1883\">mod\u00e9liser pr\u00e9cis\u00e9ment le r\u00e9seau de transport (lignes, arr\u00eats, trac\u00e9s, correspondances)<\/p><\/li><li data-start=\"1884\" data-end=\"1932\"><p data-start=\"1886\" data-end=\"1932\">structurer et optimiser l\u2019offre de transport<\/p><\/li><li data-start=\"1933\" data-end=\"1992\"><p data-start=\"1935\" data-end=\"1992\">g\u00e9n\u00e9rer des grilles horaires coh\u00e9rentes et exploitables<\/p><\/li><li data-start=\"1993\" data-end=\"2064\"><p data-start=\"1995\" data-end=\"2064\">produire l\u2019offre compl\u00e8te au format <strong data-start=\"2031\" data-end=\"2039\">GTFS<\/strong>\u00a0<\/p><\/li><li data-start=\"2065\" data-end=\"2138\"><p data-start=\"2067\" data-end=\"2138\">faciliter la publication et la mise \u00e0 jour de l\u2019offre sur Google Maps<\/p><\/li><\/ul><p data-start=\"2140\" data-end=\"2286\">Gr\u00e2ce \u00e0 cette solution, AmudX garantit une <strong data-start=\"2183\" data-end=\"2212\">qualit\u00e9 de donn\u00e9es \u00e9lev\u00e9e<\/strong>, indispensable \u00e0 une information voyageurs fiable, lisible et accessible.<\/p><h3 data-start=\"2293\" data-end=\"2316\"><span style=\"color: #333399;\">Une ambition claire<\/span><\/h3><p data-start=\"2318\" data-end=\"2577\">Au-del\u00e0 des outils et des technologies, AmudX porte une ambition forte : <strong data-start=\"2391\" data-end=\"2469\">accompagner durablement la modernisation des transports publics en Alg\u00e9rie<\/strong>, en les alignant sur les standards mondiaux, tout en tenant compte des r\u00e9alit\u00e9s locales et op\u00e9rationnelles.<\/p><p data-start=\"2579\" data-end=\"2777\">En combinant expertise m\u00e9tier, ing\u00e9nierie des donn\u00e9es et accompagnement strat\u00e9gique, AmudX contribue \u00e0 rendre les r\u00e9seaux de transport plus performants, plus attractifs et plus utiles aux voyageurs.<\/p>\t\t\t\t\t\t\t\t<\/div>\n\t\t\t\t<div class=\"elementor-element elementor-element-1c38c6b elementor-widget elementor-widget-image\" data-id=\"1c38c6b\" data-element_type=\"widget\" data-e-type=\"widget\" data-widget_type=\"image.default\">\n\t\t\t\t\t\t\t\t\t\t\t\t\t\t\t<img fetchpriority=\"high\" decoding=\"async\" width=\"941\" height=\"483\" src=\"https:\/\/amudx.net\/wp-content\/uploads\/2026\/01\/Acceuil.png\" class=\"attachment-large size-large wp-image-52\" alt=\"\" srcset=\"https:\/\/amudx.net\/wp-content\/uploads\/2026\/01\/Acceuil.png 941w, https:\/\/amudx.net\/wp-content\/uploads\/2026\/01\/Acceuil-300x154.png 300w, https:\/\/amudx.net\/wp-content\/uploads\/2026\/01\/Acceuil-768x394.png 768w\" sizes=\"(max-width: 941px) 100vw, 941px\" \/>\t\t\t\t\t\t\t\t\t\t\t\t\t\t\t<\/div>\n\t\t\t\t\t<\/div>\n\t\t\t\t<\/div>\n\t\t\t\t<\/div>\n\t\t","protected":false},"excerpt":{"rendered":"<p>AmudX &#8211; Une Entreprise Technologique AmudX est une soci\u00e9t\u00e9 de conseil et d\u2019ing\u00e9nierie sp\u00e9cialis\u00e9e dans l\u2019organisation, la digitalisation et l\u2019optimisation des syst\u00e8mes de transport urbains et p\u00e9riurbains. Fond\u00e9e par des experts reconnus du secteur des&hellip;<\/p>\n","protected":false},"author":1,"featured_media":0,"parent":0,"menu_order":0,"comment_status":"closed","ping_status":"closed","template":"","meta":{"footnotes":""},"class_list":["post-9","page","type-page","status-publish","hentry"],"yoast_head":"<!-- This site is optimized with the Yoast SEO plugin v27.2 - https:\/\/yoast.com\/product\/yoast-seo-wordpress\/ -->\n<title>A Propos -<\/title>\n<meta name=\"robots\" content=\"index, follow, max-snippet:-1, max-image-preview:large, max-video-preview:-1\" \/>\n<link rel=\"canonical\" href=\"https:\/\/amudx.net\/index.php\/a-propos\/\" \/>\n<meta property=\"og:locale\" content=\"fr_FR\" \/>\n<meta property=\"og:type\" content=\"article\" \/>\n<meta property=\"og:title\" content=\"A Propos -\" \/>\n<meta property=\"og:description\" content=\"AmudX &#8211; Une Entreprise Technologique AmudX est une soci\u00e9t\u00e9 de conseil et d\u2019ing\u00e9nierie sp\u00e9cialis\u00e9e dans l\u2019organisation, la digitalisation et l\u2019optimisation des syst\u00e8mes de transport urbains et p\u00e9riurbains. Fond\u00e9e par des experts reconnus du secteur des&hellip;\" \/>\n<meta property=\"og:url\" content=\"https:\/\/amudx.net\/index.php\/a-propos\/\" \/>\n<meta property=\"article:modified_time\" content=\"2026-01-26T17:23:06+00:00\" \/>\n<meta property=\"og:image\" content=\"http:\/\/amudx.net\/wp-content\/uploads\/2026\/01\/Acceuil.png\" \/>\n<meta name=\"twitter:card\" content=\"summary_large_image\" \/>\n<meta name=\"twitter:label1\" content=\"Dur\u00e9e de lecture estim\u00e9e\" \/>\n\t<meta name=\"twitter:data1\" content=\"2 minutes\" \/>\n<script type=\"application\/ld+json\" class=\"yoast-schema-graph\">{\"@context\":\"https:\/\/schema.org\",\"@graph\":[{\"@type\":\"WebPage\",\"@id\":\"https:\/\/amudx.net\/index.php\/a-propos\/\",\"url\":\"https:\/\/amudx.net\/index.php\/a-propos\/\",\"name\":\"A Propos -\",\"isPartOf\":{\"@id\":\"https:\/\/amudx.net\/#website\"},\"primaryImageOfPage\":{\"@id\":\"https:\/\/amudx.net\/index.php\/a-propos\/#primaryimage\"},\"image\":{\"@id\":\"https:\/\/amudx.net\/index.php\/a-propos\/#primaryimage\"},\"thumbnailUrl\":\"http:\/\/amudx.net\/wp-content\/uploads\/2026\/01\/Acceuil.png\",\"datePublished\":\"2026-01-26T15:33:20+00:00\",\"dateModified\":\"2026-01-26T17:23:06+00:00\",\"breadcrumb\":{\"@id\":\"https:\/\/amudx.net\/index.php\/a-propos\/#breadcrumb\"},\"inLanguage\":\"fr-FR\",\"potentialAction\":[{\"@type\":\"ReadAction\",\"target\":[\"https:\/\/amudx.net\/index.php\/a-propos\/\"]}]},{\"@type\":\"ImageObject\",\"inLanguage\":\"fr-FR\",\"@id\":\"https:\/\/amudx.net\/index.php\/a-propos\/#primaryimage\",\"url\":\"https:\/\/amudx.net\/wp-content\/uploads\/2026\/01\/Acceuil.png\",\"contentUrl\":\"https:\/\/amudx.net\/wp-content\/uploads\/2026\/01\/Acceuil.png\",\"width\":941,\"height\":483},{\"@type\":\"BreadcrumbList\",\"@id\":\"https:\/\/amudx.net\/index.php\/a-propos\/#breadcrumb\",\"itemListElement\":[{\"@type\":\"ListItem\",\"position\":1,\"name\":\"Home\",\"item\":\"https:\/\/amudx.net\/\"},{\"@type\":\"ListItem\",\"position\":2,\"name\":\"A Propos\"}]},{\"@type\":\"WebSite\",\"@id\":\"https:\/\/amudx.net\/#website\",\"url\":\"https:\/\/amudx.net\/\",\"name\":\"\",\"description\":\"\",\"potentialAction\":[{\"@type\":\"SearchAction\",\"target\":{\"@type\":\"EntryPoint\",\"urlTemplate\":\"https:\/\/amudx.net\/?s={search_term_string}\"},\"query-input\":{\"@type\":\"PropertyValueSpecification\",\"valueRequired\":true,\"valueName\":\"search_term_string\"}}],\"inLanguage\":\"fr-FR\"}]}<\/script>\n<!-- \/ Yoast SEO plugin. -->","yoast_head_json":{"title":"A Propos -","robots":{"index":"index","follow":"follow","max-snippet":"max-snippet:-1","max-image-preview":"max-image-preview:large","max-video-preview":"max-video-preview:-1"},"canonical":"https:\/\/amudx.net\/index.php\/a-propos\/","og_locale":"fr_FR","og_type":"article","og_title":"A Propos -","og_description":"AmudX &#8211; Une Entreprise Technologique AmudX est une soci\u00e9t\u00e9 de conseil et d\u2019ing\u00e9nierie sp\u00e9cialis\u00e9e dans l\u2019organisation, la digitalisation et l\u2019optimisation des syst\u00e8mes de transport urbains et p\u00e9riurbains. Fond\u00e9e par des experts reconnus du secteur des&hellip;","og_url":"https:\/\/amudx.net\/index.php\/a-propos\/","article_modified_time":"2026-01-26T17:23:06+00:00","og_image":[{"url":"http:\/\/amudx.net\/wp-content\/uploads\/2026\/01\/Acceuil.png","type":"","width":"","height":""}],"twitter_card":"summary_large_image","twitter_misc":{"Dur\u00e9e de lecture estim\u00e9e":"2 minutes"},"schema":{"@context":"https:\/\/schema.org","@graph":[{"@type":"WebPage","@id":"https:\/\/amudx.net\/index.php\/a-propos\/","url":"https:\/\/amudx.net\/index.php\/a-propos\/","name":"A Propos -","isPartOf":{"@id":"https:\/\/amudx.net\/#website"},"primaryImageOfPage":{"@id":"https:\/\/amudx.net\/index.php\/a-propos\/#primaryimage"},"image":{"@id":"https:\/\/amudx.net\/index.php\/a-propos\/#primaryimage"},"thumbnailUrl":"http:\/\/amudx.net\/wp-content\/uploads\/2026\/01\/Acceuil.png","datePublished":"2026-01-26T15:33:20+00:00","dateModified":"2026-01-26T17:23:06+00:00","breadcrumb":{"@id":"https:\/\/amudx.net\/index.php\/a-propos\/#breadcrumb"},"inLanguage":"fr-FR","potentialAction":[{"@type":"ReadAction","target":["https:\/\/amudx.net\/index.php\/a-propos\/"]}]},{"@type":"ImageObject","inLanguage":"fr-FR","@id":"https:\/\/amudx.net\/index.php\/a-propos\/#primaryimage","url":"https:\/\/amudx.net\/wp-content\/uploads\/2026\/01\/Acceuil.png","contentUrl":"https:\/\/amudx.net\/wp-content\/uploads\/2026\/01\/Acceuil.png","width":941,"height":483},{"@type":"BreadcrumbList","@id":"https:\/\/amudx.net\/index.php\/a-propos\/#breadcrumb","itemListElement":[{"@type":"ListItem","position":1,"name":"Home","item":"https:\/\/amudx.net\/"},{"@type":"ListItem","position":2,"name":"A Propos"}]},{"@type":"WebSite","@id":"https:\/\/amudx.net\/#website","url":"https:\/\/amudx.net\/","name":"","description":"","potentialAction":[{"@type":"SearchAction","target":{"@type":"EntryPoint","urlTemplate":"https:\/\/amudx.net\/?s={search_term_string}"},"query-input":{"@type":"PropertyValueSpecification","valueRequired":true,"valueName":"search_term_string"}}],"inLanguage":"fr-FR"}]}},"_links":{"self":[{"href":"https:\/\/amudx.net\/index.php\/wp-json\/wp\/v2\/pages\/9","targetHints":{"allow":["GET"]}}],"collection":[{"href":"https:\/\/amudx.net\/index.php\/wp-json\/wp\/v2\/pages"}],"about":[{"href":"https:\/\/amudx.net\/index.php\/wp-json\/wp\/v2\/types\/page"}],"author":[{"embeddable":true,"href":"https:\/\/amudx.net\/index.php\/wp-json\/wp\/v2\/users\/1"}],"replies":[{"embeddable":true,"href":"https:\/\/amudx.net\/index.php\/wp-json\/wp\/v2\/comments?post=9"}],"version-history":[{"count":30,"href":"https:\/\/amudx.net\/index.php\/wp-json\/wp\/v2\/pages\/9\/revisions"}],"predecessor-version":[{"id":148,"href":"https:\/\/amudx.net\/index.php\/wp-json\/wp\/v2\/pages\/9\/revisions\/148"}],"wp:attachment":[{"href":"https:\/\/amudx.net\/index.php\/wp-json\/wp\/v2\/media?parent=9"}],"curies":[{"name":"wp","href":"https:\/\/api.w.org\/{rel}","templated":true}]}}