{"id":28,"date":"2026-01-26T15:16:39","date_gmt":"2026-01-26T15:16:39","guid":{"rendered":"http:\/\/amudx.net\/?page_id=28"},"modified":"2026-01-26T20:46:28","modified_gmt":"2026-01-26T20:46:28","slug":"contact","status":"publish","type":"page","link":"https:\/\/amudx.net\/index.php\/contact\/","title":{"rendered":"Contact"},"content":{"rendered":"\t\t<div data-elementor-type=\"wp-page\" data-elementor-id=\"28\" class=\"elementor elementor-28\">\n\t\t\t\t<div class=\"elementor-element elementor-element-f6685a2 e-flex e-con-boxed e-con e-parent\" data-id=\"f6685a2\" data-element_type=\"container\" data-e-type=\"container\">\n\t\t\t\t\t<div class=\"e-con-inner\">\n\t\t\t\t<div class=\"elementor-element elementor-element-08bce38 elementor-widget elementor-widget-text-editor\" data-id=\"08bce38\" data-element_type=\"widget\" data-e-type=\"widget\" data-widget_type=\"text-editor.default\">\n\t\t\t\t\t\t\t\t\t<p data-start=\"3988\" data-end=\"4074\">Vous \u00eates une autorit\u00e9 organisatrice, un exploitant de transport ou une collectivit\u00e9 ?<\/p><p data-start=\"4076\" data-end=\"4187\">Contactez AmudX pour mettre votre r\u00e9seau de transport sur Google Maps et am\u00e9liorer votre information voyageurs.<\/p><p><b><span style=\"color: #ff00ff;\">Contact :<\/span> Redouane CHABANE CHAOUCH<\/b><\/p><p><b><span style=\"color: #ff00ff;\">T\u00e9l\u00e9phone :<\/span> 05 50 98 55 32<\/b><\/p><p><b><span style=\"color: #ff00ff;\">Adresse mail :<\/span> contact@amudx.net<\/b><\/p>\t\t\t\t\t\t\t\t<\/div>\n\t\t\t\t\t<\/div>\n\t\t\t\t<\/div>\n\t\t<div class=\"elementor-element elementor-element-9376e11 e-flex e-con-boxed e-con e-parent\" data-id=\"9376e11\" data-element_type=\"container\" data-e-type=\"container\">\n\t\t\t\t\t<div class=\"e-con-inner\">\n\t\t\t\t<div class=\"elementor-element elementor-element-ad27f7f elementor-widget elementor-widget-google_maps\" data-id=\"ad27f7f\" data-element_type=\"widget\" data-e-type=\"widget\" data-widget_type=\"google_maps.default\">\n\t\t\t\t\t\t\t<div class=\"elementor-custom-embed\">\n\t\t\t<iframe loading=\"lazy\"\n\t\t\t\t\tsrc=\"https:\/\/maps.google.com\/maps?q=Oued%20Ghir%2006017&#038;t=m&#038;z=15&#038;output=embed&#038;iwloc=near\"\n\t\t\t\t\ttitle=\"Oued Ghir 06017\"\n\t\t\t\t\taria-label=\"Oued Ghir 06017\"\n\t\t\t><\/iframe>\n\t\t<\/div>\n\t\t\t\t\t\t<\/div>\n\t\t\t\t\t<\/div>\n\t\t\t\t<\/div>\n\t\t\t\t<\/div>\n\t\t","protected":false},"excerpt":{"rendered":"<p>Vous \u00eates une autorit\u00e9 organisatrice, un exploitant de transport ou une collectivit\u00e9 ? Contactez AmudX pour mettre votre r\u00e9seau de transport sur Google Maps et am\u00e9liorer votre information voyageurs. Contact : Redouane CHABANE CHAOUCH T\u00e9l\u00e9phone&hellip;<\/p>\n","protected":false},"author":1,"featured_media":0,"parent":0,"menu_order":0,"comment_status":"closed","ping_status":"closed","template":"","meta":{"footnotes":""},"class_list":["post-28","page","type-page","status-publish","hentry"],"yoast_head":"<!-- This site is optimized with the Yoast SEO plugin v27.2 - https:\/\/yoast.com\/product\/yoast-seo-wordpress\/ -->\n<title>Contact -<\/title>\n<meta name=\"robots\" content=\"index, follow, max-snippet:-1, max-image-preview:large, max-video-preview:-1\" \/>\n<link rel=\"canonical\" href=\"https:\/\/amudx.net\/index.php\/contact\/\" \/>\n<meta property=\"og:locale\" content=\"fr_FR\" \/>\n<meta property=\"og:type\" content=\"article\" \/>\n<meta property=\"og:title\" content=\"Contact -\" \/>\n<meta property=\"og:description\" content=\"Vous \u00eates une autorit\u00e9 organisatrice, un exploitant de transport ou une collectivit\u00e9 ? Contactez AmudX pour mettre votre r\u00e9seau de transport sur Google Maps et am\u00e9liorer votre information voyageurs. Contact : Redouane CHABANE CHAOUCH T\u00e9l\u00e9phone&hellip;\" \/>\n<meta property=\"og:url\" content=\"https:\/\/amudx.net\/index.php\/contact\/\" \/>\n<meta property=\"article:modified_time\" content=\"2026-01-26T20:46:28+00:00\" \/>\n<meta name=\"twitter:card\" content=\"summary_large_image\" \/>\n<meta name=\"twitter:label1\" content=\"Dur\u00e9e de lecture estim\u00e9e\" \/>\n\t<meta name=\"twitter:data1\" content=\"1 minute\" \/>\n<script type=\"application\/ld+json\" class=\"yoast-schema-graph\">{\"@context\":\"https:\/\/schema.org\",\"@graph\":[{\"@type\":\"WebPage\",\"@id\":\"https:\/\/amudx.net\/index.php\/contact\/\",\"url\":\"https:\/\/amudx.net\/index.php\/contact\/\",\"name\":\"Contact -\",\"isPartOf\":{\"@id\":\"https:\/\/amudx.net\/#website\"},\"datePublished\":\"2026-01-26T15:16:39+00:00\",\"dateModified\":\"2026-01-26T20:46:28+00:00\",\"breadcrumb\":{\"@id\":\"https:\/\/amudx.net\/index.php\/contact\/#breadcrumb\"},\"inLanguage\":\"fr-FR\",\"potentialAction\":[{\"@type\":\"ReadAction\",\"target\":[\"https:\/\/amudx.net\/index.php\/contact\/\"]}]},{\"@type\":\"BreadcrumbList\",\"@id\":\"https:\/\/amudx.net\/index.php\/contact\/#breadcrumb\",\"itemListElement\":[{\"@type\":\"ListItem\",\"position\":1,\"name\":\"Home\",\"item\":\"https:\/\/amudx.net\/\"},{\"@type\":\"ListItem\",\"position\":2,\"name\":\"Contact\"}]},{\"@type\":\"WebSite\",\"@id\":\"https:\/\/amudx.net\/#website\",\"url\":\"https:\/\/amudx.net\/\",\"name\":\"\",\"description\":\"\",\"potentialAction\":[{\"@type\":\"SearchAction\",\"target\":{\"@type\":\"EntryPoint\",\"urlTemplate\":\"https:\/\/amudx.net\/?s={search_term_string}\"},\"query-input\":{\"@type\":\"PropertyValueSpecification\",\"valueRequired\":true,\"valueName\":\"search_term_string\"}}],\"inLanguage\":\"fr-FR\"}]}<\/script>\n<!-- \/ Yoast SEO plugin. -->","yoast_head_json":{"title":"Contact -","robots":{"index":"index","follow":"follow","max-snippet":"max-snippet:-1","max-image-preview":"max-image-preview:large","max-video-preview":"max-video-preview:-1"},"canonical":"https:\/\/amudx.net\/index.php\/contact\/","og_locale":"fr_FR","og_type":"article","og_title":"Contact -","og_description":"Vous \u00eates une autorit\u00e9 organisatrice, un exploitant de transport ou une collectivit\u00e9 ? Contactez AmudX pour mettre votre r\u00e9seau de transport sur Google Maps et am\u00e9liorer votre information voyageurs. Contact : Redouane CHABANE CHAOUCH T\u00e9l\u00e9phone&hellip;","og_url":"https:\/\/amudx.net\/index.php\/contact\/","article_modified_time":"2026-01-26T20:46:28+00:00","twitter_card":"summary_large_image","twitter_misc":{"Dur\u00e9e de lecture estim\u00e9e":"1 minute"},"schema":{"@context":"https:\/\/schema.org","@graph":[{"@type":"WebPage","@id":"https:\/\/amudx.net\/index.php\/contact\/","url":"https:\/\/amudx.net\/index.php\/contact\/","name":"Contact -","isPartOf":{"@id":"https:\/\/amudx.net\/#website"},"datePublished":"2026-01-26T15:16:39+00:00","dateModified":"2026-01-26T20:46:28+00:00","breadcrumb":{"@id":"https:\/\/amudx.net\/index.php\/contact\/#breadcrumb"},"inLanguage":"fr-FR","potentialAction":[{"@type":"ReadAction","target":["https:\/\/amudx.net\/index.php\/contact\/"]}]},{"@type":"BreadcrumbList","@id":"https:\/\/amudx.net\/index.php\/contact\/#breadcrumb","itemListElement":[{"@type":"ListItem","position":1,"name":"Home","item":"https:\/\/amudx.net\/"},{"@type":"ListItem","position":2,"name":"Contact"}]},{"@type":"WebSite","@id":"https:\/\/amudx.net\/#website","url":"https:\/\/amudx.net\/","name":"","description":"","potentialAction":[{"@type":"SearchAction","target":{"@type":"EntryPoint","urlTemplate":"https:\/\/amudx.net\/?s={search_term_string}"},"query-input":{"@type":"PropertyValueSpecification","valueRequired":true,"valueName":"search_term_string"}}],"inLanguage":"fr-FR"}]}},"_links":{"self":[{"href":"https:\/\/amudx.net\/index.php\/wp-json\/wp\/v2\/pages\/28","targetHints":{"allow":["GET"]}}],"collection":[{"href":"https:\/\/amudx.net\/index.php\/wp-json\/wp\/v2\/pages"}],"about":[{"href":"https:\/\/amudx.net\/index.php\/wp-json\/wp\/v2\/types\/page"}],"author":[{"embeddable":true,"href":"https:\/\/amudx.net\/index.php\/wp-json\/wp\/v2\/users\/1"}],"replies":[{"embeddable":true,"href":"https:\/\/amudx.net\/index.php\/wp-json\/wp\/v2\/comments?post=28"}],"version-history":[{"count":20,"href":"https:\/\/amudx.net\/index.php\/wp-json\/wp\/v2\/pages\/28\/revisions"}],"predecessor-version":[{"id":157,"href":"https:\/\/amudx.net\/index.php\/wp-json\/wp\/v2\/pages\/28\/revisions\/157"}],"wp:attachment":[{"href":"https:\/\/amudx.net\/index.php\/wp-json\/wp\/v2\/media?parent=28"}],"curies":[{"name":"wp","href":"https:\/\/api.w.org\/{rel}","templated":true}]}}