{"id":26,"date":"2026-01-26T15:07:23","date_gmt":"2026-01-26T15:07:23","guid":{"rendered":"http:\/\/amudx.net\/?page_id=26"},"modified":"2026-04-01T06:48:14","modified_gmt":"2026-04-01T06:48:14","slug":"accueil","status":"publish","type":"page","link":"https:\/\/amudx.net\/","title":{"rendered":"Accueil"},"content":{"rendered":"\t\t<div data-elementor-type=\"wp-page\" data-elementor-id=\"26\" class=\"elementor elementor-26\">\n\t\t\t\t<div class=\"elementor-element elementor-element-45a4063 e-flex e-con-boxed e-con e-parent\" data-id=\"45a4063\" data-element_type=\"container\" data-e-type=\"container\">\n\t\t\t\t\t<div class=\"e-con-inner\">\n\t\t\t\t<div class=\"elementor-element elementor-element-bdaebc2 elementor-widget elementor-widget-video\" data-id=\"bdaebc2\" data-element_type=\"widget\" data-e-type=\"widget\" data-settings=\"{&quot;video_type&quot;:&quot;hosted&quot;,&quot;controls&quot;:&quot;yes&quot;}\" data-widget_type=\"video.default\">\n\t\t\t\t\t\t\t<div class=\"e-hosted-video elementor-wrapper elementor-open-inline\">\n\t\t\t\t\t<video class=\"elementor-video\" src=\"https:\/\/amudx.net\/wp-content\/uploads\/2026\/03\/AmudX_Presentation-1.mp4\" controls=\"\" preload=\"metadata\" controlsList=\"nodownload\"><\/video>\n\t\t\t\t<\/div>\n\t\t\t\t\t\t<\/div>\n\t\t\t\t\t<\/div>\n\t\t\t\t<\/div>\n\t\t<div class=\"elementor-element elementor-element-2bcddee e-flex e-con-boxed e-con e-parent\" data-id=\"2bcddee\" data-element_type=\"container\" data-e-type=\"container\">\n\t\t\t\t\t<div class=\"e-con-inner\">\n\t\t\t\t<div class=\"elementor-element elementor-element-32218b0 elementor-widget elementor-widget-text-editor\" data-id=\"32218b0\" data-element_type=\"widget\" data-e-type=\"widget\" data-settings=\"{&quot;_animation&quot;:&quot;none&quot;}\" data-widget_type=\"text-editor.default\">\n\t\t\t\t\t\t\t\t\t<h3 data-start=\"260\" data-end=\"476\"><span style=\"color: #333399;\"><strong data-start=\"260\" data-end=\"476\">AmudX est une entreprise sp\u00e9cialis\u00e9e dans la digitalisation des r\u00e9seaux de transport public et l\u2019int\u00e9gration de l\u2019offre de transport sur Google Maps, selon les standards internationaux.<\/strong><\/span><\/h3><p data-start=\"478\" data-end=\"800\">Dans un contexte o\u00f9 l\u2019acc\u00e8s \u00e0 une information fiable et lisible est devenu un enjeu majeur de mobilit\u00e9, AmudX accompagne les <strong data-start=\"603\" data-end=\"644\">autorit\u00e9s organisatrices de transport<\/strong>, les <strong data-start=\"650\" data-end=\"667\">collectivit\u00e9s<\/strong> et les <strong data-start=\"675\" data-end=\"702\">op\u00e9rateurs de transport<\/strong> dans la structuration, la valorisation et la supervision de leurs r\u00e9seaux urbains et p\u00e9riurbains.<\/p><p data-start=\"802\" data-end=\"1181\">Nous intervenons sur l\u2019ensemble de la cha\u00eene de valeur du transport public : de la collecte et la structuration des donn\u00e9es, \u00e0 la mod\u00e9lisation des r\u00e9seaux, jusqu\u2019\u00e0 la publication et la mise \u00e0 jour de l\u2019offre de transport sur <strong data-start=\"1027\" data-end=\"1059\"><a href=\"http:\/\/maps.google.com\">Google Maps<\/a> <\/strong>. Notre expertise permet de rendre les r\u00e9seaux de transport visibles, compr\u00e9hensibles et accessibles au plus grand nombre.<\/p><p data-start=\"1183\" data-end=\"1414\">Gr\u00e2ce au standard international <strong data-start=\"1215\" data-end=\"1260\"><a href=\"https:\/\/gtfs.org\/fr\/\">GTFS<\/a> (General Transit Feed Specification)<\/strong>, utilis\u00e9 par les plus grandes m\u00e9tropoles mondiales, AmudX offre aux voyageurs une information compl\u00e8te et normalis\u00e9e directement depuis leur smartphone :<\/p><ul data-start=\"1416\" data-end=\"1612\"><li data-start=\"1416\" data-end=\"1455\"><p data-start=\"1418\" data-end=\"1455\">recherche d\u2019itin\u00e9raires multimodaux<\/p><\/li><li data-start=\"1456\" data-end=\"1496\"><p data-start=\"1458\" data-end=\"1496\">consultation des horaires de passage<\/p><\/li><li data-start=\"1497\" data-end=\"1553\"><p data-start=\"1499\" data-end=\"1553\">identification des lignes, arr\u00eats et correspondances<\/p><\/li><li data-start=\"1554\" data-end=\"1612\"><p data-start=\"1556\" data-end=\"1612\">acc\u00e8s \u00e0 une information voyageurs claire et actualis\u00e9e<\/p><\/li><\/ul><p data-start=\"1614\" data-end=\"1829\">Au-del\u00e0 de la simple mise en ligne de l\u2019offre, AmudX contribue \u00e0 la <strong data-start=\"1682\" data-end=\"1724\">modernisation des services de mobilit\u00e9<\/strong>, \u00e0 l\u2019am\u00e9lioration de l\u2019exp\u00e9rience voyageurs et au renforcement de l\u2019attractivit\u00e9 des transports publics.<\/p><p data-start=\"1831\" data-end=\"2006\">Notre ambition est claire : <strong data-start=\"1859\" data-end=\"1943\">rendre les transports publics plus lisibles, plus attractifs et plus performants<\/strong>, au service des territoires, des exploitants et des voyageurs.<\/p>\t\t\t\t\t\t\t\t<\/div>\n\t\t\t\t\t<\/div>\n\t\t\t\t<\/div>\n\t\t<div class=\"elementor-element elementor-element-1ae65bd e-flex e-con-boxed e-con e-parent\" data-id=\"1ae65bd\" data-element_type=\"container\" data-e-type=\"container\">\n\t\t\t\t\t<div class=\"e-con-inner\">\n\t\t\t\t<div class=\"elementor-element elementor-element-b954b15 elementor-widget elementor-widget-image\" data-id=\"b954b15\" data-element_type=\"widget\" data-e-type=\"widget\" data-widget_type=\"image.default\">\n\t\t\t\t\t\t\t\t\t\t\t\t\t\t\t<img fetchpriority=\"high\" decoding=\"async\" width=\"1004\" height=\"561\" src=\"https:\/\/amudx.net\/wp-content\/uploads\/2026\/01\/Offre.png\" class=\"attachment-large size-large wp-image-53\" alt=\"\" srcset=\"https:\/\/amudx.net\/wp-content\/uploads\/2026\/01\/Offre.png 1004w, https:\/\/amudx.net\/wp-content\/uploads\/2026\/01\/Offre-300x168.png 300w, https:\/\/amudx.net\/wp-content\/uploads\/2026\/01\/Offre-768x429.png 768w\" sizes=\"(max-width: 1004px) 100vw, 1004px\" \/>\t\t\t\t\t\t\t\t\t\t\t\t\t\t\t<\/div>\n\t\t\t\t\t<\/div>\n\t\t\t\t<\/div>\n\t\t\t\t<\/div>\n\t\t","protected":false},"excerpt":{"rendered":"<p>https:\/\/amudx.net\/wp-content\/uploads\/2026\/03\/AmudX_Presentation-1.mp4 AmudX est une entreprise sp\u00e9cialis\u00e9e dans la digitalisation des r\u00e9seaux de transport public et l\u2019int\u00e9gration de l\u2019offre de transport sur Google Maps, selon les standards internationaux. Dans un contexte o\u00f9 l\u2019acc\u00e8s \u00e0 une information&hellip;<\/p>\n","protected":false},"author":1,"featured_media":0,"parent":0,"menu_order":0,"comment_status":"closed","ping_status":"closed","template":"","meta":{"footnotes":""},"class_list":["post-26","page","type-page","status-publish","hentry"],"yoast_head":"<!-- This site is optimized with the Yoast SEO plugin v27.2 - https:\/\/yoast.com\/product\/yoast-seo-wordpress\/ -->\n<title>Accueil -<\/title>\n<meta name=\"robots\" content=\"index, follow, max-snippet:-1, max-image-preview:large, max-video-preview:-1\" \/>\n<link rel=\"canonical\" href=\"https:\/\/amudx.net\/\" \/>\n<meta property=\"og:locale\" content=\"fr_FR\" \/>\n<meta property=\"og:type\" content=\"article\" \/>\n<meta property=\"og:title\" content=\"Accueil -\" \/>\n<meta property=\"og:description\" content=\"https:\/\/amudx.net\/wp-content\/uploads\/2026\/03\/AmudX_Presentation-1.mp4 AmudX est une entreprise sp\u00e9cialis\u00e9e dans la digitalisation des r\u00e9seaux de transport public et l\u2019int\u00e9gration de l\u2019offre de transport sur Google Maps, selon les standards internationaux. Dans un contexte o\u00f9 l\u2019acc\u00e8s \u00e0 une information&hellip;\" \/>\n<meta property=\"og:url\" content=\"https:\/\/amudx.net\/\" \/>\n<meta property=\"article:modified_time\" content=\"2026-04-01T06:48:14+00:00\" \/>\n<meta property=\"og:image\" content=\"https:\/\/amudx.net\/wp-content\/uploads\/2026\/01\/Offre.png\" \/>\n<meta name=\"twitter:card\" content=\"summary_large_image\" \/>\n<meta name=\"twitter:label1\" content=\"Dur\u00e9e de lecture estim\u00e9e\" \/>\n\t<meta name=\"twitter:data1\" content=\"2 minutes\" \/>\n<script type=\"application\/ld+json\" class=\"yoast-schema-graph\">{\"@context\":\"https:\/\/schema.org\",\"@graph\":[{\"@type\":\"WebPage\",\"@id\":\"https:\/\/amudx.net\/\",\"url\":\"https:\/\/amudx.net\/\",\"name\":\"Accueil -\",\"isPartOf\":{\"@id\":\"https:\/\/amudx.net\/#website\"},\"primaryImageOfPage\":{\"@id\":\"https:\/\/amudx.net\/#primaryimage\"},\"image\":{\"@id\":\"https:\/\/amudx.net\/#primaryimage\"},\"thumbnailUrl\":\"https:\/\/amudx.net\/wp-content\/uploads\/2026\/01\/Offre.png\",\"datePublished\":\"2026-01-26T15:07:23+00:00\",\"dateModified\":\"2026-04-01T06:48:14+00:00\",\"breadcrumb\":{\"@id\":\"https:\/\/amudx.net\/#breadcrumb\"},\"inLanguage\":\"fr-FR\",\"potentialAction\":[{\"@type\":\"ReadAction\",\"target\":[\"https:\/\/amudx.net\/\"]}]},{\"@type\":\"ImageObject\",\"inLanguage\":\"fr-FR\",\"@id\":\"https:\/\/amudx.net\/#primaryimage\",\"url\":\"https:\/\/amudx.net\/wp-content\/uploads\/2026\/01\/Offre.png\",\"contentUrl\":\"https:\/\/amudx.net\/wp-content\/uploads\/2026\/01\/Offre.png\",\"width\":1004,\"height\":561},{\"@type\":\"BreadcrumbList\",\"@id\":\"https:\/\/amudx.net\/#breadcrumb\",\"itemListElement\":[{\"@type\":\"ListItem\",\"position\":1,\"name\":\"Home\",\"item\":\"https:\/\/amudx.net\/\"},{\"@type\":\"ListItem\",\"position\":2,\"name\":\"Accueil\"}]},{\"@type\":\"WebSite\",\"@id\":\"https:\/\/amudx.net\/#website\",\"url\":\"https:\/\/amudx.net\/\",\"name\":\"\",\"description\":\"\",\"potentialAction\":[{\"@type\":\"SearchAction\",\"target\":{\"@type\":\"EntryPoint\",\"urlTemplate\":\"https:\/\/amudx.net\/?s={search_term_string}\"},\"query-input\":{\"@type\":\"PropertyValueSpecification\",\"valueRequired\":true,\"valueName\":\"search_term_string\"}}],\"inLanguage\":\"fr-FR\"}]}<\/script>\n<!-- \/ Yoast SEO plugin. -->","yoast_head_json":{"title":"Accueil -","robots":{"index":"index","follow":"follow","max-snippet":"max-snippet:-1","max-image-preview":"max-image-preview:large","max-video-preview":"max-video-preview:-1"},"canonical":"https:\/\/amudx.net\/","og_locale":"fr_FR","og_type":"article","og_title":"Accueil -","og_description":"https:\/\/amudx.net\/wp-content\/uploads\/2026\/03\/AmudX_Presentation-1.mp4 AmudX est une entreprise sp\u00e9cialis\u00e9e dans la digitalisation des r\u00e9seaux de transport public et l\u2019int\u00e9gration de l\u2019offre de transport sur Google Maps, selon les standards internationaux. Dans un contexte o\u00f9 l\u2019acc\u00e8s \u00e0 une information&hellip;","og_url":"https:\/\/amudx.net\/","article_modified_time":"2026-04-01T06:48:14+00:00","og_image":[{"url":"https:\/\/amudx.net\/wp-content\/uploads\/2026\/01\/Offre.png","type":"","width":"","height":""}],"twitter_card":"summary_large_image","twitter_misc":{"Dur\u00e9e de lecture estim\u00e9e":"2 minutes"},"schema":{"@context":"https:\/\/schema.org","@graph":[{"@type":"WebPage","@id":"https:\/\/amudx.net\/","url":"https:\/\/amudx.net\/","name":"Accueil -","isPartOf":{"@id":"https:\/\/amudx.net\/#website"},"primaryImageOfPage":{"@id":"https:\/\/amudx.net\/#primaryimage"},"image":{"@id":"https:\/\/amudx.net\/#primaryimage"},"thumbnailUrl":"https:\/\/amudx.net\/wp-content\/uploads\/2026\/01\/Offre.png","datePublished":"2026-01-26T15:07:23+00:00","dateModified":"2026-04-01T06:48:14+00:00","breadcrumb":{"@id":"https:\/\/amudx.net\/#breadcrumb"},"inLanguage":"fr-FR","potentialAction":[{"@type":"ReadAction","target":["https:\/\/amudx.net\/"]}]},{"@type":"ImageObject","inLanguage":"fr-FR","@id":"https:\/\/amudx.net\/#primaryimage","url":"https:\/\/amudx.net\/wp-content\/uploads\/2026\/01\/Offre.png","contentUrl":"https:\/\/amudx.net\/wp-content\/uploads\/2026\/01\/Offre.png","width":1004,"height":561},{"@type":"BreadcrumbList","@id":"https:\/\/amudx.net\/#breadcrumb","itemListElement":[{"@type":"ListItem","position":1,"name":"Home","item":"https:\/\/amudx.net\/"},{"@type":"ListItem","position":2,"name":"Accueil"}]},{"@type":"WebSite","@id":"https:\/\/amudx.net\/#website","url":"https:\/\/amudx.net\/","name":"","description":"","potentialAction":[{"@type":"SearchAction","target":{"@type":"EntryPoint","urlTemplate":"https:\/\/amudx.net\/?s={search_term_string}"},"query-input":{"@type":"PropertyValueSpecification","valueRequired":true,"valueName":"search_term_string"}}],"inLanguage":"fr-FR"}]}},"_links":{"self":[{"href":"https:\/\/amudx.net\/index.php\/wp-json\/wp\/v2\/pages\/26","targetHints":{"allow":["GET"]}}],"collection":[{"href":"https:\/\/amudx.net\/index.php\/wp-json\/wp\/v2\/pages"}],"about":[{"href":"https:\/\/amudx.net\/index.php\/wp-json\/wp\/v2\/types\/page"}],"author":[{"embeddable":true,"href":"https:\/\/amudx.net\/index.php\/wp-json\/wp\/v2\/users\/1"}],"replies":[{"embeddable":true,"href":"https:\/\/amudx.net\/index.php\/wp-json\/wp\/v2\/comments?post=26"}],"version-history":[{"count":41,"href":"https:\/\/amudx.net\/index.php\/wp-json\/wp\/v2\/pages\/26\/revisions"}],"predecessor-version":[{"id":191,"href":"https:\/\/amudx.net\/index.php\/wp-json\/wp\/v2\/pages\/26\/revisions\/191"}],"wp:attachment":[{"href":"https:\/\/amudx.net\/index.php\/wp-json\/wp\/v2\/media?parent=26"}],"curies":[{"name":"wp","href":"https:\/\/api.w.org\/{rel}","templated":true}]}}