{"id":15,"date":"2026-01-26T15:46:47","date_gmt":"2026-01-26T15:46:47","guid":{"rendered":"http:\/\/amudx.net\/?page_id=15"},"modified":"2026-01-26T20:51:07","modified_gmt":"2026-01-26T20:51:07","slug":"offre-de-service","status":"publish","type":"page","link":"https:\/\/amudx.net\/index.php\/offre-de-service\/","title":{"rendered":"Offre de service"},"content":{"rendered":"\t\t<div data-elementor-type=\"wp-page\" data-elementor-id=\"15\" class=\"elementor elementor-15\">\n\t\t\t\t<div class=\"elementor-element elementor-element-0d9fce8 e-flex e-con-boxed e-con e-parent\" data-id=\"0d9fce8\" data-element_type=\"container\" data-e-type=\"container\">\n\t\t\t\t\t<div class=\"e-con-inner\">\n\t\t\t\t<div class=\"elementor-element elementor-element-f180eb9 elementor-widget elementor-widget-heading\" data-id=\"f180eb9\" data-element_type=\"widget\" data-e-type=\"widget\" data-widget_type=\"heading.default\">\n\t\t\t\t\t<h1 class=\"elementor-heading-title elementor-size-default\">Une offre destin\u00e9e aux autorit\u00e9s organisatrices et aux transporteurs<\/h1>\t\t\t\t<\/div>\n\t\t\t\t\t<\/div>\n\t\t\t\t<\/div>\n\t\t<div class=\"elementor-element elementor-element-fdbdd48 e-flex e-con-boxed e-con e-parent\" data-id=\"fdbdd48\" data-element_type=\"container\" data-e-type=\"container\">\n\t\t\t\t\t<div class=\"e-con-inner\">\n\t\t\t\t<div class=\"elementor-element elementor-element-3767be6 elementor-widget elementor-widget-image\" data-id=\"3767be6\" data-element_type=\"widget\" data-e-type=\"widget\" data-widget_type=\"image.default\">\n\t\t\t\t\t\t\t\t\t\t\t\t\t\t\t<img fetchpriority=\"high\" decoding=\"async\" width=\"944\" height=\"535\" src=\"https:\/\/amudx.net\/wp-content\/uploads\/2026\/01\/Services.png\" class=\"attachment-large size-large wp-image-54\" alt=\"\" srcset=\"https:\/\/amudx.net\/wp-content\/uploads\/2026\/01\/Services.png 944w, https:\/\/amudx.net\/wp-content\/uploads\/2026\/01\/Services-300x170.png 300w, https:\/\/amudx.net\/wp-content\/uploads\/2026\/01\/Services-768x435.png 768w\" sizes=\"(max-width: 944px) 100vw, 944px\" \/>\t\t\t\t\t\t\t\t\t\t\t\t\t\t\t<\/div>\n\t\t\t\t<div class=\"elementor-element elementor-element-2603951 elementor-widget elementor-widget-text-editor\" data-id=\"2603951\" data-element_type=\"widget\" data-e-type=\"widget\" data-widget_type=\"text-editor.default\">\n\t\t\t\t\t\t\t\t\t<p><strong>AmudX propose une offre de services d\u00e9di\u00e9e \u00e0 l\u2019organisation, la supervision et la transformation digitale des r\u00e9seaux de transport public.<\/strong><\/p><h1 data-start=\"2589\" data-end=\"2736\"><span style=\"color: #333399;\"><b>Mise en ligne de l\u2019offre de transport sur Google Maps<\/b><\/span><\/h1><p data-start=\"338\" data-end=\"554\">Le service principal d\u2019AmudX consiste \u00e0 accompagner les r\u00e9seaux de transport public dans la publication, la gestion et la valorisation de leur offre de transport sur Google Maps, via les standards Google Transit.<\/p><p data-start=\"556\" data-end=\"963\">Dans un contexte o\u00f9 Google Maps est devenu l\u2019outil de r\u00e9f\u00e9rence pour l\u2019organisation des d\u00e9placements, la pr\u00e9sence d\u2019un r\u00e9seau de transport public sur cette plateforme constitue un enjeu strat\u00e9gique majeur. AmudX permet aux autorit\u00e9s organisatrices et aux op\u00e9rateurs de transport de rendre leur offre visible, accessible et compr\u00e9hensible par des millions d\u2019utilisateurs, au niveau local comme international.<\/p><h2 data-start=\"970\" data-end=\"1027\">Une int\u00e9gration conforme aux standards Google Transit<\/h2><p data-start=\"1029\" data-end=\"1276\">AmudX assure la <strong data-start=\"1045\" data-end=\"1146\">g\u00e9n\u00e9ration, la validation et la maintenance de fichiers GTFS (General Transit Feed Specification)<\/strong>, strictement conformes aux exigences de Google Transit.<\/p><p data-start=\"1029\" data-end=\"1276\">Nos \u00e9quipes interviennent sur l\u2019ensemble du cycle de vie de la donn\u00e9e :<\/p><ul data-start=\"1278\" data-end=\"1623\"><li data-start=\"1278\" data-end=\"1332\"><p data-start=\"1280\" data-end=\"1332\">collecte et structuration des donn\u00e9es de transport<\/p><\/li><li data-start=\"1333\" data-end=\"1401\"><p data-start=\"1335\" data-end=\"1401\">mod\u00e9lisation du r\u00e9seau (lignes, arr\u00eats, correspondances, trac\u00e9s)<\/p><\/li><li data-start=\"1402\" data-end=\"1451\"><p data-start=\"1404\" data-end=\"1451\">d\u00e9finition et optimisation de l\u2019offre horaire<\/p><\/li><li data-start=\"1452\" data-end=\"1503\"><p data-start=\"1454\" data-end=\"1503\">g\u00e9n\u00e9ration des fichiers GTFS et bient\u00f4t des flux GTFS Temps R\u00e9el<\/p><\/li><li data-start=\"1504\" data-end=\"1552\"><p data-start=\"1506\" data-end=\"1552\">contr\u00f4les de coh\u00e9rence et validation qualit\u00e9<\/p><\/li><li data-start=\"1553\" data-end=\"1584\"><p data-start=\"1555\" data-end=\"1584\">publication sur Google Maps<\/p><\/li><li data-start=\"1585\" data-end=\"1623\"><p data-start=\"1587\" data-end=\"1623\">mises \u00e0 jour r\u00e9guli\u00e8res de l\u2019offre<\/p><\/li><\/ul><p data-start=\"1625\" data-end=\"1727\">Cette approche garantit une information fiable, p\u00e9renne et exploitable par les plateformes num\u00e9riques.<\/p><h2 data-start=\"1734\" data-end=\"1785\">Une meilleure visibilit\u00e9 du r\u00e9seau de transport<\/h2><p data-start=\"1787\" data-end=\"2077\">La publication de l\u2019offre sur Google Maps permet au r\u00e9seau de transport de b\u00e9n\u00e9ficier d\u2019une <strong data-start=\"1879\" data-end=\"1914\">visibilit\u00e9 imm\u00e9diate et massive<\/strong>. Les lignes, arr\u00eats et horaires deviennent accessibles directement depuis l\u2019outil de navigation le plus utilis\u00e9 au monde, sans application sp\u00e9cifique \u00e0 installer.<\/p><p data-start=\"2079\" data-end=\"2116\">Cette visibilit\u00e9 accrue contribue \u00e0 :<\/p><ul><li data-start=\"2117\" data-end=\"2151\"><p data-start=\"2119\" data-end=\"2151\">renforcer la notori\u00e9t\u00e9 du r\u00e9seau<\/p><\/li><li data-start=\"2152\" data-end=\"2181\"><p data-start=\"2154\" data-end=\"2181\">valoriser l\u2019offre existante<\/p><\/li><li data-start=\"2184\" data-end=\"2240\">am\u00e9liorer l\u2019image du transport public aupr\u00e8s des usagers\u00a0 \u00a0\u00a0<\/li><\/ul><h2 data-start=\"2247\" data-end=\"2285\">Une exp\u00e9rience voyageurs am\u00e9lior\u00e9e<\/h2><p data-start=\"2287\" data-end=\"2380\">Gr\u00e2ce \u00e0 l\u2019int\u00e9gration GTFS, les voyageurs disposent d\u2019une information claire et centralis\u00e9e :<\/p><ul data-start=\"2382\" data-end=\"2548\"><li data-start=\"2382\" data-end=\"2421\"><p data-start=\"2384\" data-end=\"2421\">recherche d\u2019itin\u00e9raires multimodaux<\/p><\/li><li data-start=\"2422\" data-end=\"2476\"><p data-start=\"2424\" data-end=\"2476\">consultation des horaires th\u00e9oriques ou temps r\u00e9el<\/p><\/li><li data-start=\"2477\" data-end=\"2515\"><p data-start=\"2479\" data-end=\"2515\">identification des correspondances<\/p><\/li><li data-start=\"2516\" data-end=\"2548\"><p data-start=\"2518\" data-end=\"2548\">guidage depuis le smartphone<\/p><\/li><\/ul><p data-start=\"2550\" data-end=\"2691\">L\u2019acc\u00e8s \u00e0 une information fiable r\u00e9duit l\u2019incertitude, am\u00e9liore la confiance des usagers et favorise l\u2019usage r\u00e9gulier des transports publics<\/p><h2 data-start=\"2698\" data-end=\"2748\">Une attractivit\u00e9 renforc\u00e9e du transport public<\/h2><p data-start=\"2750\" data-end=\"2982\">En rendant l\u2019offre lisible et facilement accessible, AmudX contribue directement \u00e0 <strong data-start=\"2833\" data-end=\"2871\">l\u2019attractivit\u00e9 du transport public<\/strong> face aux modes individuels.<br data-start=\"2899\" data-end=\"2902\" \/>La digitalisation de l\u2019information voyageurs constitue un levier puissant pour :<\/p><ul><li data-start=\"2984\" data-end=\"3026\"><p data-start=\"2986\" data-end=\"3026\">augmenter la fr\u00e9quentation des r\u00e9seaux<\/p><\/li><li data-start=\"3027\" data-end=\"3077\"><p data-start=\"3029\" data-end=\"3077\">accompagner les politiques de mobilit\u00e9 durable<\/p><\/li><li data-start=\"3080\" data-end=\"3141\">r\u00e9pondre aux standards internationaux de qualit\u00e9 de service<\/li><\/ul><h2 data-start=\"3148\" data-end=\"3177\">Un accompagnement durable<\/h2><p data-start=\"3179\" data-end=\"3419\">Au-del\u00e0 de la simple publication initiale, AmudX met en place des <strong data-start=\"3245\" data-end=\"3300\">processus de maintenance et de mise \u00e0 jour continue<\/strong> de l\u2019offre de transport, garantissant la coh\u00e9rence des donn\u00e9es dans le temps et l\u2019adaptation aux \u00e9volutions du r\u00e9seau<\/p>\t\t\t\t\t\t\t\t<\/div>\n\t\t\t\t\t<\/div>\n\t\t\t\t<\/div>\n\t\t<div class=\"elementor-element elementor-element-c72532c e-flex e-con-boxed e-con e-parent\" data-id=\"c72532c\" data-element_type=\"container\" data-e-type=\"container\">\n\t\t\t\t\t<div class=\"e-con-inner\">\n\t\t\t\t<div class=\"elementor-element elementor-element-87e8f32 elementor-widget elementor-widget-image\" data-id=\"87e8f32\" data-element_type=\"widget\" data-e-type=\"widget\" data-widget_type=\"image.default\">\n\t\t\t\t\t\t\t\t\t\t\t\t\t\t\t<img decoding=\"async\" width=\"841\" height=\"561\" src=\"https:\/\/amudx.net\/wp-content\/uploads\/2026\/01\/ReunionGoogle-1.png\" class=\"attachment-large size-large wp-image-35\" alt=\"\" srcset=\"https:\/\/amudx.net\/wp-content\/uploads\/2026\/01\/ReunionGoogle-1.png 841w, https:\/\/amudx.net\/wp-content\/uploads\/2026\/01\/ReunionGoogle-1-300x200.png 300w, https:\/\/amudx.net\/wp-content\/uploads\/2026\/01\/ReunionGoogle-1-768x512.png 768w\" sizes=\"(max-width: 841px) 100vw, 841px\" \/>\t\t\t\t\t\t\t\t\t\t\t\t\t\t\t<\/div>\n\t\t\t\t<div class=\"elementor-element elementor-element-057faa2 elementor-widget elementor-widget-text-editor\" data-id=\"057faa2\" data-element_type=\"widget\" data-e-type=\"widget\" data-widget_type=\"text-editor.default\">\n\t\t\t\t\t\t\t\t\t<h1 data-start=\"3107\" data-end=\"3151\"><span style=\"color: #333399;\">Supervision et r\u00e9gulation des r\u00e9seaux<\/span><\/h1><p data-start=\"3152\" data-end=\"3275\"><strong data-start=\"116\" data-end=\"186\">Nous accompagnons les exploitants \u00e0 chaque \u00e9tape de l\u2019exploitation<\/strong>, en leur fournissant des outils avanc\u00e9s de <strong data-start=\"230\" data-end=\"257\">suivi de la performance<\/strong>, de <strong data-start=\"262\" data-end=\"291\">supervision en temps r\u00e9el<\/strong> et d\u2019<strong data-start=\"297\" data-end=\"319\">aide \u00e0 la d\u00e9cision<\/strong>.<\/p><p data-start=\"3152\" data-end=\"3275\">Gr\u00e2ce \u00e0 la mise en place de <strong data-start=\"353\" data-end=\"400\">Postes de Commande Bus modernes et int\u00e9gr\u00e9s<\/strong>, nous permettons une vision globale et instantan\u00e9e du r\u00e9seau, une meilleure anticipation des incidents, une optimisation des ressources et une am\u00e9lioration continue de la qualit\u00e9 de service offerte aux usagers.<\/p>\t\t\t\t\t\t\t\t<\/div>\n\t\t\t\t<div class=\"elementor-element elementor-element-b480c0d elementor-widget elementor-widget-image\" data-id=\"b480c0d\" data-element_type=\"widget\" data-e-type=\"widget\" data-widget_type=\"image.default\">\n\t\t\t\t\t\t\t\t\t\t\t\t\t\t\t<img decoding=\"async\" width=\"790\" height=\"527\" src=\"https:\/\/amudx.net\/wp-content\/uploads\/2026\/01\/PC-Bus.png\" class=\"attachment-large size-large wp-image-34\" alt=\"\" srcset=\"https:\/\/amudx.net\/wp-content\/uploads\/2026\/01\/PC-Bus.png 790w, https:\/\/amudx.net\/wp-content\/uploads\/2026\/01\/PC-Bus-300x200.png 300w, https:\/\/amudx.net\/wp-content\/uploads\/2026\/01\/PC-Bus-768x512.png 768w\" sizes=\"(max-width: 790px) 100vw, 790px\" \/>\t\t\t\t\t\t\t\t\t\t\t\t\t\t\t<\/div>\n\t\t\t\t<div class=\"elementor-element elementor-element-0a3320e elementor-widget elementor-widget-text-editor\" data-id=\"0a3320e\" data-element_type=\"widget\" data-e-type=\"widget\" data-widget_type=\"text-editor.default\">\n\t\t\t\t\t\t\t\t\t<h1 data-start=\"3277\" data-end=\"3323\"><span style=\"color: #333399;\">Assistance aux autorit\u00e9s organisatrices<\/span><\/h1><p data-start=\"3324\" data-end=\"3432\"><strong data-start=\"95\" data-end=\"171\">AmudX intervient sur un large spectre de missions \u00e0 forte valeur ajout\u00e9e<\/strong>, allant des <strong data-start=\"184\" data-end=\"226\">\u00e9tudes strat\u00e9giques et op\u00e9rationnelles<\/strong> \u00e0 l\u2019<strong data-start=\"231\" data-end=\"292\">audit des organisations, des syst\u00e8mes et des performances<\/strong>, en passant par la <strong data-start=\"312\" data-end=\"337\">formation des \u00e9quipes<\/strong> et l\u2019<strong data-start=\"343\" data-end=\"375\">accompagnement au changement<\/strong>.<br data-start=\"376\" data-end=\"379\" data-is-only-node=\"\" \/>Nous apportons une expertise transversale et pragmatique afin d\u2019aider nos partenaires \u00e0 <strong data-start=\"469\" data-end=\"530\">concevoir, optimiser et piloter durablement leurs projets<\/strong>, en tenant compte des enjeux techniques, humains et organisationnels.<\/p>\t\t\t\t\t\t\t\t<\/div>\n\t\t\t\t<div class=\"elementor-element elementor-element-7f72014 elementor-widget elementor-widget-image\" data-id=\"7f72014\" data-element_type=\"widget\" data-e-type=\"widget\" data-widget_type=\"image.default\">\n\t\t\t\t\t\t\t\t\t\t\t\t\t\t\t<img loading=\"lazy\" decoding=\"async\" width=\"822\" height=\"548\" src=\"https:\/\/amudx.net\/wp-content\/uploads\/2026\/01\/AgentTerrain.png\" class=\"attachment-large size-large wp-image-133\" alt=\"\" srcset=\"https:\/\/amudx.net\/wp-content\/uploads\/2026\/01\/AgentTerrain.png 822w, https:\/\/amudx.net\/wp-content\/uploads\/2026\/01\/AgentTerrain-300x200.png 300w, https:\/\/amudx.net\/wp-content\/uploads\/2026\/01\/AgentTerrain-768x512.png 768w\" sizes=\"(max-width: 822px) 100vw, 822px\" \/>\t\t\t\t\t\t\t\t\t\t\t\t\t\t\t<\/div>\n\t\t\t\t\t<\/div>\n\t\t\t\t<\/div>\n\t\t<div class=\"elementor-element elementor-element-b85a460 e-flex e-con-boxed e-con e-parent\" data-id=\"b85a460\" data-element_type=\"container\" data-e-type=\"container\">\n\t\t\t\t\t<div class=\"e-con-inner\">\n\t\t\t\t\t<\/div>\n\t\t\t\t<\/div>\n\t\t\t\t<\/div>\n\t\t","protected":false},"excerpt":{"rendered":"<p>Une offre destin\u00e9e aux autorit\u00e9s organisatrices et aux transporteurs AmudX propose une offre de services d\u00e9di\u00e9e \u00e0 l\u2019organisation, la supervision et la transformation digitale des r\u00e9seaux de transport public. Mise en ligne de l\u2019offre de&hellip;<\/p>\n","protected":false},"author":1,"featured_media":0,"parent":0,"menu_order":0,"comment_status":"closed","ping_status":"closed","template":"","meta":{"footnotes":""},"class_list":["post-15","page","type-page","status-publish","hentry"],"yoast_head":"<!-- This site is optimized with the Yoast SEO plugin v27.2 - https:\/\/yoast.com\/product\/yoast-seo-wordpress\/ -->\n<title>Offre de service -<\/title>\n<meta name=\"robots\" content=\"index, follow, max-snippet:-1, max-image-preview:large, max-video-preview:-1\" \/>\n<link rel=\"canonical\" href=\"https:\/\/amudx.net\/index.php\/offre-de-service\/\" \/>\n<meta property=\"og:locale\" content=\"fr_FR\" \/>\n<meta property=\"og:type\" content=\"article\" \/>\n<meta property=\"og:title\" content=\"Offre de service -\" \/>\n<meta property=\"og:description\" content=\"Une offre destin\u00e9e aux autorit\u00e9s organisatrices et aux transporteurs AmudX propose une offre de services d\u00e9di\u00e9e \u00e0 l\u2019organisation, la supervision et la transformation digitale des r\u00e9seaux de transport public. Mise en ligne de l\u2019offre de&hellip;\" \/>\n<meta property=\"og:url\" content=\"https:\/\/amudx.net\/index.php\/offre-de-service\/\" \/>\n<meta property=\"article:modified_time\" content=\"2026-01-26T20:51:07+00:00\" \/>\n<meta property=\"og:image\" content=\"http:\/\/amudx.net\/wp-content\/uploads\/2026\/01\/Services.png\" \/>\n<meta name=\"twitter:card\" content=\"summary_large_image\" \/>\n<meta name=\"twitter:label1\" content=\"Dur\u00e9e de lecture estim\u00e9e\" \/>\n\t<meta name=\"twitter:data1\" content=\"3 minutes\" \/>\n<script type=\"application\/ld+json\" class=\"yoast-schema-graph\">{\"@context\":\"https:\/\/schema.org\",\"@graph\":[{\"@type\":\"WebPage\",\"@id\":\"https:\/\/amudx.net\/index.php\/offre-de-service\/\",\"url\":\"https:\/\/amudx.net\/index.php\/offre-de-service\/\",\"name\":\"Offre de service -\",\"isPartOf\":{\"@id\":\"https:\/\/amudx.net\/#website\"},\"primaryImageOfPage\":{\"@id\":\"https:\/\/amudx.net\/index.php\/offre-de-service\/#primaryimage\"},\"image\":{\"@id\":\"https:\/\/amudx.net\/index.php\/offre-de-service\/#primaryimage\"},\"thumbnailUrl\":\"http:\/\/amudx.net\/wp-content\/uploads\/2026\/01\/Services.png\",\"datePublished\":\"2026-01-26T15:46:47+00:00\",\"dateModified\":\"2026-01-26T20:51:07+00:00\",\"breadcrumb\":{\"@id\":\"https:\/\/amudx.net\/index.php\/offre-de-service\/#breadcrumb\"},\"inLanguage\":\"fr-FR\",\"potentialAction\":[{\"@type\":\"ReadAction\",\"target\":[\"https:\/\/amudx.net\/index.php\/offre-de-service\/\"]}]},{\"@type\":\"ImageObject\",\"inLanguage\":\"fr-FR\",\"@id\":\"https:\/\/amudx.net\/index.php\/offre-de-service\/#primaryimage\",\"url\":\"https:\/\/amudx.net\/wp-content\/uploads\/2026\/01\/Services.png\",\"contentUrl\":\"https:\/\/amudx.net\/wp-content\/uploads\/2026\/01\/Services.png\",\"width\":944,\"height\":535},{\"@type\":\"BreadcrumbList\",\"@id\":\"https:\/\/amudx.net\/index.php\/offre-de-service\/#breadcrumb\",\"itemListElement\":[{\"@type\":\"ListItem\",\"position\":1,\"name\":\"Home\",\"item\":\"https:\/\/amudx.net\/\"},{\"@type\":\"ListItem\",\"position\":2,\"name\":\"Offre de service\"}]},{\"@type\":\"WebSite\",\"@id\":\"https:\/\/amudx.net\/#website\",\"url\":\"https:\/\/amudx.net\/\",\"name\":\"\",\"description\":\"\",\"potentialAction\":[{\"@type\":\"SearchAction\",\"target\":{\"@type\":\"EntryPoint\",\"urlTemplate\":\"https:\/\/amudx.net\/?s={search_term_string}\"},\"query-input\":{\"@type\":\"PropertyValueSpecification\",\"valueRequired\":true,\"valueName\":\"search_term_string\"}}],\"inLanguage\":\"fr-FR\"}]}<\/script>\n<!-- \/ Yoast SEO plugin. -->","yoast_head_json":{"title":"Offre de service -","robots":{"index":"index","follow":"follow","max-snippet":"max-snippet:-1","max-image-preview":"max-image-preview:large","max-video-preview":"max-video-preview:-1"},"canonical":"https:\/\/amudx.net\/index.php\/offre-de-service\/","og_locale":"fr_FR","og_type":"article","og_title":"Offre de service -","og_description":"Une offre destin\u00e9e aux autorit\u00e9s organisatrices et aux transporteurs AmudX propose une offre de services d\u00e9di\u00e9e \u00e0 l\u2019organisation, la supervision et la transformation digitale des r\u00e9seaux de transport public. Mise en ligne de l\u2019offre de&hellip;","og_url":"https:\/\/amudx.net\/index.php\/offre-de-service\/","article_modified_time":"2026-01-26T20:51:07+00:00","og_image":[{"url":"http:\/\/amudx.net\/wp-content\/uploads\/2026\/01\/Services.png","type":"","width":"","height":""}],"twitter_card":"summary_large_image","twitter_misc":{"Dur\u00e9e de lecture estim\u00e9e":"3 minutes"},"schema":{"@context":"https:\/\/schema.org","@graph":[{"@type":"WebPage","@id":"https:\/\/amudx.net\/index.php\/offre-de-service\/","url":"https:\/\/amudx.net\/index.php\/offre-de-service\/","name":"Offre de service -","isPartOf":{"@id":"https:\/\/amudx.net\/#website"},"primaryImageOfPage":{"@id":"https:\/\/amudx.net\/index.php\/offre-de-service\/#primaryimage"},"image":{"@id":"https:\/\/amudx.net\/index.php\/offre-de-service\/#primaryimage"},"thumbnailUrl":"http:\/\/amudx.net\/wp-content\/uploads\/2026\/01\/Services.png","datePublished":"2026-01-26T15:46:47+00:00","dateModified":"2026-01-26T20:51:07+00:00","breadcrumb":{"@id":"https:\/\/amudx.net\/index.php\/offre-de-service\/#breadcrumb"},"inLanguage":"fr-FR","potentialAction":[{"@type":"ReadAction","target":["https:\/\/amudx.net\/index.php\/offre-de-service\/"]}]},{"@type":"ImageObject","inLanguage":"fr-FR","@id":"https:\/\/amudx.net\/index.php\/offre-de-service\/#primaryimage","url":"https:\/\/amudx.net\/wp-content\/uploads\/2026\/01\/Services.png","contentUrl":"https:\/\/amudx.net\/wp-content\/uploads\/2026\/01\/Services.png","width":944,"height":535},{"@type":"BreadcrumbList","@id":"https:\/\/amudx.net\/index.php\/offre-de-service\/#breadcrumb","itemListElement":[{"@type":"ListItem","position":1,"name":"Home","item":"https:\/\/amudx.net\/"},{"@type":"ListItem","position":2,"name":"Offre de service"}]},{"@type":"WebSite","@id":"https:\/\/amudx.net\/#website","url":"https:\/\/amudx.net\/","name":"","description":"","potentialAction":[{"@type":"SearchAction","target":{"@type":"EntryPoint","urlTemplate":"https:\/\/amudx.net\/?s={search_term_string}"},"query-input":{"@type":"PropertyValueSpecification","valueRequired":true,"valueName":"search_term_string"}}],"inLanguage":"fr-FR"}]}},"_links":{"self":[{"href":"https:\/\/amudx.net\/index.php\/wp-json\/wp\/v2\/pages\/15","targetHints":{"allow":["GET"]}}],"collection":[{"href":"https:\/\/amudx.net\/index.php\/wp-json\/wp\/v2\/pages"}],"about":[{"href":"https:\/\/amudx.net\/index.php\/wp-json\/wp\/v2\/types\/page"}],"author":[{"embeddable":true,"href":"https:\/\/amudx.net\/index.php\/wp-json\/wp\/v2\/users\/1"}],"replies":[{"embeddable":true,"href":"https:\/\/amudx.net\/index.php\/wp-json\/wp\/v2\/comments?post=15"}],"version-history":[{"count":24,"href":"https:\/\/amudx.net\/index.php\/wp-json\/wp\/v2\/pages\/15\/revisions"}],"predecessor-version":[{"id":160,"href":"https:\/\/amudx.net\/index.php\/wp-json\/wp\/v2\/pages\/15\/revisions\/160"}],"wp:attachment":[{"href":"https:\/\/amudx.net\/index.php\/wp-json\/wp\/v2\/media?parent=15"}],"curies":[{"name":"wp","href":"https:\/\/api.w.org\/{rel}","templated":true}]}}